{"id":1000,"date":"2024-03-22T10:37:56","date_gmt":"2024-03-22T13:37:56","guid":{"rendered":"http:\/\/localhost\/piscinaslux\/?page_id=1000"},"modified":"2025-01-09T15:36:42","modified_gmt":"2025-01-09T18:36:42","slug":"carreira","status":"publish","type":"page","link":"https:\/\/www.piscinalux.com.br\/en\/carreira\/","title":{"rendered":"Career"},"content":{"rendered":"\t\t<div data-elementor-type=\"wp-page\" data-elementor-id=\"1000\" class=\"elementor elementor-1000\" data-elementor-post-type=\"page\">\n\t\t\t\t<div class=\"elementor-element elementor-element-2072a74c e-flex e-con-boxed e-con e-parent\" data-id=\"2072a74c\" data-element_type=\"container\" data-settings=\"{&quot;background_background&quot;:&quot;classic&quot;}\">\n\t\t\t\t\t<div class=\"e-con-inner\">\n\t\t<div class=\"elementor-element elementor-element-25d063ea e-con-full e-flex e-con e-child\" data-id=\"25d063ea\" data-element_type=\"container\">\n\t\t\t\t<div class=\"elementor-element elementor-element-422b1844 elementor-widget elementor-widget-heading\" data-id=\"422b1844\" data-element_type=\"widget\" data-widget_type=\"heading.default\">\n\t\t\t\t<div class=\"elementor-widget-container\">\n\t\t\t\t\t<h2 class=\"elementor-heading-title elementor-size-default\">TRABALHE CONOSCO<\/h2>\t\t\t\t<\/div>\n\t\t\t\t<\/div>\n\t\t\t\t<div class=\"elementor-element elementor-element-55cae899 elementor-widget-divider--view-line elementor-widget elementor-widget-divider\" data-id=\"55cae899\" data-element_type=\"widget\" data-widget_type=\"divider.default\">\n\t\t\t\t<div class=\"elementor-widget-container\">\n\t\t\t\t\t\t\t<div class=\"elementor-divider\">\n\t\t\t<span class=\"elementor-divider-separator\">\n\t\t\t\t\t\t<\/span>\n\t\t<\/div>\n\t\t\t\t\t\t<\/div>\n\t\t\t\t<\/div>\n\t\t\t\t<div class=\"elementor-element elementor-element-69d9f1d6 elementor-widget elementor-widget-text-editor\" data-id=\"69d9f1d6\" data-element_type=\"widget\" data-widget_type=\"text-editor.default\">\n\t\t\t\t<div class=\"elementor-widget-container\">\n\t\t\t\t\t\t\t\t\t<p>N\u00f3s da Piscina Lux recebemos com entusiasmo aqueles que buscam enriquecer sua forma\u00e7\u00e3o acad\u00eamica por meio de uma experi\u00eancia pr\u00e1tica ou que desejam se envolver mais intimamente com nossos projetos arquitet\u00f4nicos.<\/p><p>Formatos aceitos: <em>jpg, pdf, doc, docx, ppt e pptx<\/em> at\u00e9 10mb<\/p>\t\t\t\t\t\t\t\t<\/div>\n\t\t\t\t<\/div>\n\t\t\t\t<\/div>\n\t\t<div class=\"elementor-element elementor-element-39fad75 e-con-full e-flex e-con e-child\" data-id=\"39fad75\" data-element_type=\"container\">\n\t\t\t\t<div class=\"elementor-element elementor-element-1472bc6 elementor-button-align-start elementor-widget elementor-widget-form\" data-id=\"1472bc6\" data-element_type=\"widget\" data-settings=\"{&quot;step_next_label&quot;:&quot;Next&quot;,&quot;step_previous_label&quot;:&quot;Previous&quot;,&quot;button_width&quot;:&quot;100&quot;,&quot;step_type&quot;:&quot;number_text&quot;,&quot;step_icon_shape&quot;:&quot;circle&quot;}\" data-widget_type=\"form.default\">\n\t\t\t\t<div class=\"elementor-widget-container\">\n\t\t\t\t\t\t\t<form class=\"elementor-form\" method=\"post\" name=\"Form Contato\">\n\t\t\t<input type=\"hidden\" name=\"post_id\" value=\"1000\"\/>\n\t\t\t<input type=\"hidden\" name=\"form_id\" value=\"1472bc6\"\/>\n\t\t\t<input type=\"hidden\" name=\"referer_title\" value=\"Piscina Lux Exclusive Design\" \/>\n\n\t\t\t\n\t\t\t<div class=\"elementor-form-fields-wrapper elementor-labels-above\">\n\t\t\t\t\t\t\t\t<div class=\"elementor-field-type-text elementor-field-group elementor-column elementor-field-group-name elementor-col-50 elementor-sm-50 elementor-field-required elementor-mark-required\">\n\t\t\t\t\t\t\t\t\t\t\t\t<label for=\"form-field-name\" class=\"elementor-field-label\">\n\t\t\t\t\t\t\t\tNome\t\t\t\t\t\t\t<\/label>\n\t\t\t\t\t\t\t\t\t\t\t\t\t\t<input size=\"1\" type=\"text\" name=\"form_fields[name]\" id=\"form-field-name\" class=\"elementor-field elementor-size-sm  elementor-field-textual\" placeholder=\"Insira seu nome\" required=\"required\">\n\t\t\t\t\t\t\t\t\t\t\t<\/div>\n\t\t\t\t\t\t\t\t<div class=\"elementor-field-type-email elementor-field-group elementor-column elementor-field-group-field_42ff68c elementor-col-50 elementor-sm-50 elementor-field-required elementor-mark-required\">\n\t\t\t\t\t\t\t\t\t\t\t\t<label for=\"form-field-field_42ff68c\" class=\"elementor-field-label\">\n\t\t\t\t\t\t\t\tE-mail\t\t\t\t\t\t\t<\/label>\n\t\t\t\t\t\t\t\t\t\t\t\t\t\t<input size=\"1\" type=\"email\" name=\"form_fields[field_42ff68c]\" id=\"form-field-field_42ff68c\" class=\"elementor-field elementor-size-sm  elementor-field-textual\" placeholder=\"Insira seu e-mail\" required=\"required\">\n\t\t\t\t\t\t\t\t\t\t\t<\/div>\n\t\t\t\t\t\t\t\t<div class=\"elementor-field-type-upload elementor-field-group elementor-column elementor-field-group-field_b578dcd elementor-col-100 elementor-field-required elementor-mark-required\">\n\t\t\t\t\t\t\t\t\t\t\t\t<label for=\"form-field-field_b578dcd\" class=\"elementor-field-label\">\n\t\t\t\t\t\t\t\tEnviar Curr\u00edculo (max 10mb)\t\t\t\t\t\t\t<\/label>\n\t\t\t\t\t\t\t\t<input type=\"file\" name=\"form_fields[field_b578dcd]\" id=\"form-field-field_b578dcd\" class=\"elementor-field elementor-size-sm  elementor-upload-field\" required=\"required\" data-maxsize=\"10\" data-maxsize-message=\"This file exceeds the maximum allowed size.\">\n\n\t\t\t\t\t\t<\/div>\n\t\t\t\t\t\t\t\t<div class=\"elementor-field-type-recaptcha_v3 elementor-field-group elementor-column elementor-field-group-field_ceb7202 elementor-col-100 recaptcha_v3-bottomright\">\n\t\t\t\t\t<div class=\"elementor-field\" id=\"form-field-field_ceb7202\"><div class=\"elementor-g-recaptcha\" data-sitekey=\"6LcJnbQpAAAAANhcjF6rlVJrTIfuxfmPYwXe46Xo\" data-type=\"v3\" data-action=\"Form\" data-badge=\"bottomright\" data-size=\"invisible\"><\/div><\/div>\t\t\t\t<\/div>\n\t\t\t\t\t\t\t\t<div class=\"elementor-field-group elementor-column elementor-field-type-submit elementor-col-100 e-form__buttons\">\n\t\t\t\t\t<button class=\"elementor-button elementor-size-sm\" type=\"submit\">\n\t\t\t\t\t\t<span class=\"elementor-button-content-wrapper\">\n\t\t\t\t\t\t\t\t\t\t\t\t\t\t\t<span class=\"elementor-button-icon\">\n\t\t\t\t\t\t\t\t\t<i aria-hidden=\"true\" class=\"fas fa-long-arrow-alt-right\"><\/i>\t\t\t\t\t\t\t\t\t\t\t\t\t\t\t\t\t<\/span>\n\t\t\t\t\t\t\t\t\t\t\t\t\t\t\t\t\t\t\t\t\t\t<span class=\"elementor-button-text\">Enviar <\/span>\n\t\t\t\t\t\t\t\t\t\t\t\t\t<\/span>\n\t\t\t\t\t<\/button>\n\t\t\t\t<\/div>\n\t\t\t<\/div>\n\t\t<\/form>\n\t\t\t\t\t\t<\/div>\n\t\t\t\t<\/div>\n\t\t\t\t<\/div>\n\t\t\t\t\t<\/div>\n\t\t\t\t<\/div>\n\t\t\t\t<\/div>\n\t\t","protected":false},"excerpt":{"rendered":"<p>TRABALHE CONOSCO N\u00f3s da Piscina Lux recebemos com entusiasmo aqueles que buscam enriquecer sua forma\u00e7\u00e3o acad\u00eamica por meio de uma experi\u00eancia pr\u00e1tica ou que desejam se envolver mais intimamente com nossos projetos arquitet\u00f4nicos. Formatos aceitos: jpg, pdf, doc, docx, ppt e pptx at\u00e9 10mb<\/p>","protected":false},"author":1,"featured_media":0,"parent":0,"menu_order":0,"comment_status":"closed","ping_status":"closed","template":"","meta":{"footnotes":""},"class_list":["post-1000","page","type-page","status-publish","hentry"],"yoast_head":"<!-- This site is optimized with the Yoast SEO plugin v27.4 - https:\/\/yoast.com\/product\/yoast-seo-wordpress\/ -->\n<title>Carreira - Piscina Lux Exclusive Design<\/title>\n<meta name=\"robots\" content=\"index, follow, max-snippet:-1, max-image-preview:large, max-video-preview:-1\" \/>\n<link rel=\"canonical\" href=\"https:\/\/www.piscinalux.com.br\/en\/carreira\/\" \/>\n<meta property=\"og:locale\" content=\"en_US\" \/>\n<meta property=\"og:type\" content=\"article\" \/>\n<meta property=\"og:title\" content=\"Carreira - Piscina Lux Exclusive Design\" \/>\n<meta property=\"og:description\" content=\"TRABALHE CONOSCO N\u00f3s da Piscina Lux recebemos com entusiasmo aqueles que buscam enriquecer sua forma\u00e7\u00e3o acad\u00eamica por meio de uma experi\u00eancia pr\u00e1tica ou que desejam se envolver mais intimamente com nossos projetos arquitet\u00f4nicos. Formatos aceitos: jpg, pdf, doc, docx, ppt e pptx at\u00e9 10mb\" \/>\n<meta property=\"og:url\" content=\"https:\/\/www.piscinalux.com.br\/en\/carreira\/\" \/>\n<meta property=\"og:site_name\" content=\"Piscina Lux Exclusive Design\" \/>\n<meta property=\"article:modified_time\" content=\"2025-01-09T18:36:42+00:00\" \/>\n<meta name=\"twitter:card\" content=\"summary_large_image\" \/>\n<meta name=\"twitter:label1\" content=\"Est. reading time\" \/>\n\t<meta name=\"twitter:data1\" content=\"1 minute\" \/>\n<script type=\"application\/ld+json\" class=\"yoast-schema-graph\">{\"@context\":\"https:\\\/\\\/schema.org\",\"@graph\":[{\"@type\":\"WebPage\",\"@id\":\"https:\\\/\\\/www.piscinalux.com.br\\\/carreira\\\/\",\"url\":\"https:\\\/\\\/www.piscinalux.com.br\\\/carreira\\\/\",\"name\":\"Carreira - Piscina Lux Exclusive Design\",\"isPartOf\":{\"@id\":\"https:\\\/\\\/www.piscinalux.com.br\\\/#website\"},\"datePublished\":\"2024-03-22T13:37:56+00:00\",\"dateModified\":\"2025-01-09T18:36:42+00:00\",\"breadcrumb\":{\"@id\":\"https:\\\/\\\/www.piscinalux.com.br\\\/carreira\\\/#breadcrumb\"},\"inLanguage\":\"en-US\",\"potentialAction\":[{\"@type\":\"ReadAction\",\"target\":[\"https:\\\/\\\/www.piscinalux.com.br\\\/carreira\\\/\"]}]},{\"@type\":\"BreadcrumbList\",\"@id\":\"https:\\\/\\\/www.piscinalux.com.br\\\/carreira\\\/#breadcrumb\",\"itemListElement\":[{\"@type\":\"ListItem\",\"position\":1,\"name\":\"In\u00edcio\",\"item\":\"https:\\\/\\\/www.piscinalux.com.br\\\/\"},{\"@type\":\"ListItem\",\"position\":2,\"name\":\"Carreira\"}]},{\"@type\":\"WebSite\",\"@id\":\"https:\\\/\\\/www.piscinalux.com.br\\\/#website\",\"url\":\"https:\\\/\\\/www.piscinalux.com.br\\\/\",\"name\":\"Piscina Lux Exclusive Design\",\"description\":\"Resorts, Piscinas Modernas e Piscinas Praia\",\"publisher\":{\"@id\":\"https:\\\/\\\/www.piscinalux.com.br\\\/#organization\"},\"potentialAction\":[{\"@type\":\"SearchAction\",\"target\":{\"@type\":\"EntryPoint\",\"urlTemplate\":\"https:\\\/\\\/www.piscinalux.com.br\\\/?s={search_term_string}\"},\"query-input\":{\"@type\":\"PropertyValueSpecification\",\"valueRequired\":true,\"valueName\":\"search_term_string\"}}],\"inLanguage\":\"en-US\"},{\"@type\":\"Organization\",\"@id\":\"https:\\\/\\\/www.piscinalux.com.br\\\/#organization\",\"name\":\"Piscina Lux Exclusive Design\",\"url\":\"https:\\\/\\\/www.piscinalux.com.br\\\/\",\"logo\":{\"@type\":\"ImageObject\",\"inLanguage\":\"en-US\",\"@id\":\"https:\\\/\\\/www.piscinalux.com.br\\\/#\\\/schema\\\/logo\\\/image\\\/\",\"url\":\"https:\\\/\\\/www.piscinalux.com.br\\\/wp-content\\\/uploads\\\/2024\\\/06\\\/cropped-Logo-Piscina-Lux_PNG-20-1.png\",\"contentUrl\":\"https:\\\/\\\/www.piscinalux.com.br\\\/wp-content\\\/uploads\\\/2024\\\/06\\\/cropped-Logo-Piscina-Lux_PNG-20-1.png\",\"width\":3933,\"height\":1041,\"caption\":\"Piscina Lux Exclusive Design\"},\"image\":{\"@id\":\"https:\\\/\\\/www.piscinalux.com.br\\\/#\\\/schema\\\/logo\\\/image\\\/\"}}]}<\/script>\n<!-- \/ Yoast SEO plugin. -->","yoast_head_json":{"title":"Carreira - Piscina Lux Exclusive Design","robots":{"index":"index","follow":"follow","max-snippet":"max-snippet:-1","max-image-preview":"max-image-preview:large","max-video-preview":"max-video-preview:-1"},"canonical":"https:\/\/www.piscinalux.com.br\/en\/carreira\/","og_locale":"en_US","og_type":"article","og_title":"Carreira - Piscina Lux Exclusive Design","og_description":"TRABALHE CONOSCO N\u00f3s da Piscina Lux recebemos com entusiasmo aqueles que buscam enriquecer sua forma\u00e7\u00e3o acad\u00eamica por meio de uma experi\u00eancia pr\u00e1tica ou que desejam se envolver mais intimamente com nossos projetos arquitet\u00f4nicos. Formatos aceitos: jpg, pdf, doc, docx, ppt e pptx at\u00e9 10mb","og_url":"https:\/\/www.piscinalux.com.br\/en\/carreira\/","og_site_name":"Piscina Lux Exclusive Design","article_modified_time":"2025-01-09T18:36:42+00:00","twitter_card":"summary_large_image","twitter_misc":{"Est. reading time":"1 minute"},"schema":{"@context":"https:\/\/schema.org","@graph":[{"@type":"WebPage","@id":"https:\/\/www.piscinalux.com.br\/carreira\/","url":"https:\/\/www.piscinalux.com.br\/carreira\/","name":"Carreira - Piscina Lux Exclusive Design","isPartOf":{"@id":"https:\/\/www.piscinalux.com.br\/#website"},"datePublished":"2024-03-22T13:37:56+00:00","dateModified":"2025-01-09T18:36:42+00:00","breadcrumb":{"@id":"https:\/\/www.piscinalux.com.br\/carreira\/#breadcrumb"},"inLanguage":"en-US","potentialAction":[{"@type":"ReadAction","target":["https:\/\/www.piscinalux.com.br\/carreira\/"]}]},{"@type":"BreadcrumbList","@id":"https:\/\/www.piscinalux.com.br\/carreira\/#breadcrumb","itemListElement":[{"@type":"ListItem","position":1,"name":"In\u00edcio","item":"https:\/\/www.piscinalux.com.br\/"},{"@type":"ListItem","position":2,"name":"Carreira"}]},{"@type":"WebSite","@id":"https:\/\/www.piscinalux.com.br\/#website","url":"https:\/\/www.piscinalux.com.br\/","name":"Piscina Lux Exclusive Design","description":"Resorts, Piscinas Modernas e Piscinas Praia","publisher":{"@id":"https:\/\/www.piscinalux.com.br\/#organization"},"potentialAction":[{"@type":"SearchAction","target":{"@type":"EntryPoint","urlTemplate":"https:\/\/www.piscinalux.com.br\/?s={search_term_string}"},"query-input":{"@type":"PropertyValueSpecification","valueRequired":true,"valueName":"search_term_string"}}],"inLanguage":"en-US"},{"@type":"Organization","@id":"https:\/\/www.piscinalux.com.br\/#organization","name":"Piscina Lux Exclusive Design","url":"https:\/\/www.piscinalux.com.br\/","logo":{"@type":"ImageObject","inLanguage":"en-US","@id":"https:\/\/www.piscinalux.com.br\/#\/schema\/logo\/image\/","url":"https:\/\/www.piscinalux.com.br\/wp-content\/uploads\/2024\/06\/cropped-Logo-Piscina-Lux_PNG-20-1.png","contentUrl":"https:\/\/www.piscinalux.com.br\/wp-content\/uploads\/2024\/06\/cropped-Logo-Piscina-Lux_PNG-20-1.png","width":3933,"height":1041,"caption":"Piscina Lux Exclusive Design"},"image":{"@id":"https:\/\/www.piscinalux.com.br\/#\/schema\/logo\/image\/"}}]}},"_links":{"self":[{"href":"https:\/\/www.piscinalux.com.br\/en\/wp-json\/wp\/v2\/pages\/1000","targetHints":{"allow":["GET"]}}],"collection":[{"href":"https:\/\/www.piscinalux.com.br\/en\/wp-json\/wp\/v2\/pages"}],"about":[{"href":"https:\/\/www.piscinalux.com.br\/en\/wp-json\/wp\/v2\/types\/page"}],"author":[{"embeddable":true,"href":"https:\/\/www.piscinalux.com.br\/en\/wp-json\/wp\/v2\/users\/1"}],"replies":[{"embeddable":true,"href":"https:\/\/www.piscinalux.com.br\/en\/wp-json\/wp\/v2\/comments?post=1000"}],"version-history":[{"count":76,"href":"https:\/\/www.piscinalux.com.br\/en\/wp-json\/wp\/v2\/pages\/1000\/revisions"}],"predecessor-version":[{"id":3051,"href":"https:\/\/www.piscinalux.com.br\/en\/wp-json\/wp\/v2\/pages\/1000\/revisions\/3051"}],"wp:attachment":[{"href":"https:\/\/www.piscinalux.com.br\/en\/wp-json\/wp\/v2\/media?parent=1000"}],"curies":[{"name":"wp","href":"https:\/\/api.w.org\/{rel}","templated":true}]}}