{"id":2,"date":"2023-05-15T15:54:08","date_gmt":"2023-05-15T18:54:08","guid":{"rendered":"http:\/\/localhost\/houselux\/?page_id=2"},"modified":"2025-12-24T08:23:13","modified_gmt":"2025-12-24T11:23:13","slug":"incio","status":"publish","type":"page","link":"https:\/\/www.piscinalux.com.br\/en\/incio\/","title":{"rendered":"P\u00e1gina Inicial"},"content":{"rendered":"<div data-elementor-type=\"wp-page\" data-elementor-id=\"2\" class=\"elementor elementor-2\" data-elementor-settings=\"{&quot;scroll_snap&quot;:&quot;yes&quot;}\" data-elementor-post-type=\"page\">\n\t\t\t\t<div class=\"elementor-element elementor-element-c987ce0 e-con-full elementor-hidden-mobile e-flex e-con e-parent\" data-id=\"c987ce0\" data-element_type=\"container\">\n\t\t\t\t<div class=\"elementor-element elementor-element-4bc4a57 elementor--h-position-center elementor--v-position-middle elementor-arrows-position-inside elementor-widget elementor-widget-slides\" data-id=\"4bc4a57\" data-element_type=\"widget\" data-settings=\"{&quot;navigation&quot;:&quot;arrows&quot;,&quot;autoplay_speed&quot;:2500,&quot;transition_speed&quot;:1000,&quot;transition&quot;:&quot;fade&quot;,&quot;autoplay&quot;:&quot;yes&quot;,&quot;infinite&quot;:&quot;yes&quot;}\" data-widget_type=\"slides.default\">\n\t\t\t\t<div class=\"elementor-widget-container\">\n\t\t\t\t\t\t\t\t\t<div class=\"elementor-swiper\">\n\t\t\t\t\t<div class=\"elementor-slides-wrapper elementor-main-swiper swiper\" role=\"region\" aria-roledescription=\"carousel\" aria-label=\"Slides\" dir=\"ltr\" data-animation=\"fadeInUp\">\n\t\t\t\t<div class=\"swiper-wrapper elementor-slides\">\n\t\t\t\t\t\t\t\t\t\t<div class=\"elementor-repeater-item-ae39001 swiper-slide\" role=\"group\" aria-roledescription=\"slide\"><div class=\"swiper-slide-bg\" role=\"img\"><\/div><a class=\"swiper-slide-inner\" href=\"https:\/\/www.piscinalux.com.br\/en\/resorts\/\"><div class=\"swiper-slide-contents\"><div  class=\"elementor-button elementor-slide-button elementor-size-sm\"> <\/div><\/div><\/a><\/div><div class=\"elementor-repeater-item-0e6acf1 swiper-slide\" role=\"group\" aria-roledescription=\"slide\"><div class=\"swiper-slide-bg\" role=\"img\"><\/div><a class=\"swiper-slide-inner\" href=\"https:\/\/www.piscinalux.com.br\/en\/piscinas-modernas\/\"><div class=\"swiper-slide-contents\"><div  class=\"elementor-button elementor-slide-button elementor-size-sm\"> <\/div><\/div><\/a><\/div><div class=\"elementor-repeater-item-472ecf5 swiper-slide\" role=\"group\" aria-roledescription=\"slide\"><div class=\"swiper-slide-bg\" role=\"img\"><\/div><a class=\"swiper-slide-inner\" href=\"https:\/\/www.piscinalux.com.br\/en\/blue-lake-rio-de-janeiro-rj\/\"><div class=\"swiper-slide-contents\"><div  class=\"elementor-button elementor-slide-button elementor-size-sm\"> <\/div><\/div><\/a><\/div><div class=\"elementor-repeater-item-67cdc68 swiper-slide\" role=\"group\" aria-roledescription=\"slide\"><div class=\"swiper-slide-bg\" role=\"img\"><\/div><a class=\"swiper-slide-inner\" href=\"https:\/\/www.piscinalux.com.br\/en\/revitalizacao-condominio-atibaia-sp\/\"><div class=\"swiper-slide-contents\"><div  class=\"elementor-button elementor-slide-button elementor-size-sm\"> <\/div><\/div><\/a><\/div><div class=\"elementor-repeater-item-9307798 swiper-slide\" role=\"group\" aria-roledescription=\"slide\"><div class=\"swiper-slide-bg\" role=\"img\"><\/div><a class=\"swiper-slide-inner\" href=\"https:\/\/www.piscinalux.com.br\/en\/piscinas-modernas\/\"><div class=\"swiper-slide-contents\"><div  class=\"elementor-button elementor-slide-button elementor-size-sm\"> <\/div><\/div><\/a><\/div><div class=\"elementor-repeater-item-19a1922 swiper-slide\" role=\"group\" aria-roledescription=\"slide\"><div class=\"swiper-slide-bg\" role=\"img\"><\/div><a class=\"swiper-slide-inner\" href=\"https:\/\/www.piscinalux.com.br\/en\/propriedade-privada-piracaia-sp\/\"><div class=\"swiper-slide-contents\"><div  class=\"elementor-button elementor-slide-button elementor-size-sm\"> <\/div><\/div><\/a><\/div><div class=\"elementor-repeater-item-d51bd14 swiper-slide\" role=\"group\" aria-roledescription=\"slide\"><div class=\"swiper-slide-bg\" role=\"img\"><\/div><a class=\"swiper-slide-inner\" href=\"https:\/\/www.piscinalux.com.br\/en\/piscinas-praia\/\"><div class=\"swiper-slide-contents\"><div  class=\"elementor-button elementor-slide-button elementor-size-sm\"> <\/div><\/div><\/a><\/div><div class=\"elementor-repeater-item-d2f1687 swiper-slide\" role=\"group\" aria-roledescription=\"slide\"><div class=\"swiper-slide-bg\" role=\"img\"><\/div><a class=\"swiper-slide-inner\" href=\"https:\/\/www.piscinalux.com.br\/en\/piscinas-praia\/\"><div class=\"swiper-slide-contents\"><div  class=\"elementor-button elementor-slide-button elementor-size-sm\"> <\/div><\/div><\/a><\/div><div class=\"elementor-repeater-item-925346e swiper-slide\" role=\"group\" aria-roledescription=\"slide\"><div class=\"swiper-slide-bg\" role=\"img\"><\/div><a class=\"swiper-slide-inner\" href=\"https:\/\/www.piscinalux.com.br\/en\/resorts\/\"><div class=\"swiper-slide-contents\"><div  class=\"elementor-button elementor-slide-button elementor-size-sm\"> <\/div><\/div><\/a><\/div><div class=\"elementor-repeater-item-e27e5f6 swiper-slide\" role=\"group\" aria-roledescription=\"slide\"><div class=\"swiper-slide-bg\" role=\"img\"><\/div><a class=\"swiper-slide-inner\" href=\"https:\/\/www.piscinalux.com.br\/en\/resorts\/\"><div class=\"swiper-slide-contents\"><div  class=\"elementor-button elementor-slide-button elementor-size-sm\"> <\/div><\/div><\/a><\/div>\t\t\t\t<\/div>\n\t\t\t\t\t\t\t\t\t\t\t\t\t\t\t<div class=\"elementor-swiper-button elementor-swiper-button-prev\" role=\"button\" tabindex=\"0\" aria-label=\"Previous slide\">\n\t\t\t\t\t\t\t<i aria-hidden=\"true\" class=\"eicon-chevron-left\"><\/i>\t\t\t\t\t\t<\/div>\n\t\t\t\t\t\t<div class=\"elementor-swiper-button elementor-swiper-button-next\" role=\"button\" tabindex=\"0\" aria-label=\"Next slide\">\n\t\t\t\t\t\t\t<i aria-hidden=\"true\" class=\"eicon-chevron-right\"><\/i>\t\t\t\t\t\t<\/div>\n\t\t\t\t\t\t\t\t\t\t\t\t\t\t\t\t\t<\/div>\n\t\t\t\t<\/div>\n\t\t\t\t\t\t\t\t<\/div>\n\t\t\t\t<\/div>\n\t\t\t\t<\/div>\n\t\t<div class=\"elementor-element elementor-element-b9b459a e-con-full elementor-hidden-desktop elementor-hidden-tablet e-flex e-con e-parent\" data-id=\"b9b459a\" data-element_type=\"container\">\n\t\t\t\t<div class=\"elementor-element elementor-element-165c562 elementor--h-position-center elementor--v-position-middle elementor-arrows-position-inside elementor-widget elementor-widget-slides\" data-id=\"165c562\" data-element_type=\"widget\" data-settings=\"{&quot;navigation&quot;:&quot;arrows&quot;,&quot;autoplay_speed&quot;:2500,&quot;transition_speed&quot;:1000,&quot;transition&quot;:&quot;fade&quot;,&quot;autoplay&quot;:&quot;yes&quot;,&quot;infinite&quot;:&quot;yes&quot;}\" data-widget_type=\"slides.default\">\n\t\t\t\t<div class=\"elementor-widget-container\">\n\t\t\t\t\t\t\t\t\t<div class=\"elementor-swiper\">\n\t\t\t\t\t<div class=\"elementor-slides-wrapper elementor-main-swiper swiper\" role=\"region\" aria-roledescription=\"carousel\" aria-label=\"Slides\" dir=\"ltr\" data-animation=\"fadeInUp\">\n\t\t\t\t<div class=\"swiper-wrapper elementor-slides\">\n\t\t\t\t\t\t\t\t\t\t<div class=\"elementor-repeater-item-0e6acf1 swiper-slide\" role=\"group\" aria-roledescription=\"slide\"><div class=\"swiper-slide-bg\" role=\"img\"><\/div><a class=\"swiper-slide-inner\" href=\"https:\/\/www.piscinalux.com.br\/en\/piscinas-praia\/\"><div class=\"swiper-slide-contents\"><div  class=\"elementor-button elementor-slide-button elementor-size-sm\"> <\/div><\/div><\/a><\/div><div class=\"elementor-repeater-item-7a4522c swiper-slide\" role=\"group\" aria-roledescription=\"slide\"><div class=\"swiper-slide-bg\" role=\"img\"><\/div><a class=\"swiper-slide-inner\" href=\"https:\/\/www.piscinalux.com.br\/en\/piscinas-praia\/\"><div class=\"swiper-slide-contents\"><div  class=\"elementor-button elementor-slide-button elementor-size-sm\"> <\/div><\/div><\/a><\/div><div class=\"elementor-repeater-item-472ecf5 swiper-slide\" role=\"group\" aria-roledescription=\"slide\"><div class=\"swiper-slide-bg\" role=\"img\"><\/div><a class=\"swiper-slide-inner\" href=\"https:\/\/www.piscinalux.com.br\/en\/piscinas-modernas\/\"><div class=\"swiper-slide-contents\"><div  class=\"elementor-button elementor-slide-button elementor-size-sm\"> <\/div><\/div><\/a><\/div><div class=\"elementor-repeater-item-19a1922 swiper-slide\" role=\"group\" aria-roledescription=\"slide\"><div class=\"swiper-slide-bg\" role=\"img\"><\/div><a class=\"swiper-slide-inner\" href=\"https:\/\/www.piscinalux.com.br\/en\/piscinas-praia\/\"><div class=\"swiper-slide-contents\"><div  class=\"elementor-button elementor-slide-button elementor-size-sm\"> <\/div><\/div><\/a><\/div><div class=\"elementor-repeater-item-d2f1687 swiper-slide\" role=\"group\" aria-roledescription=\"slide\"><div class=\"swiper-slide-bg\" role=\"img\"><\/div><a class=\"swiper-slide-inner\" href=\"https:\/\/www.piscinalux.com.br\/en\/piscinas-modernas\/\"><div class=\"swiper-slide-contents\"><div  class=\"elementor-button elementor-slide-button elementor-size-sm\"> <\/div><\/div><\/a><\/div><div class=\"elementor-repeater-item-e840d41 swiper-slide\" role=\"group\" aria-roledescription=\"slide\"><div class=\"swiper-slide-bg\" role=\"img\"><\/div><a class=\"swiper-slide-inner\" href=\"https:\/\/www.piscinalux.com.br\/en\/piscinas-modernas\/\"><div class=\"swiper-slide-contents\"><div  class=\"elementor-button elementor-slide-button elementor-size-sm\"> <\/div><\/div><\/a><\/div>\t\t\t\t<\/div>\n\t\t\t\t\t\t\t\t\t\t\t\t\t\t\t<div class=\"elementor-swiper-button elementor-swiper-button-prev\" role=\"button\" tabindex=\"0\" aria-label=\"Previous slide\">\n\t\t\t\t\t\t\t<i aria-hidden=\"true\" class=\"eicon-chevron-left\"><\/i>\t\t\t\t\t\t<\/div>\n\t\t\t\t\t\t<div class=\"elementor-swiper-button elementor-swiper-button-next\" role=\"button\" tabindex=\"0\" aria-label=\"Next slide\">\n\t\t\t\t\t\t\t<i aria-hidden=\"true\" class=\"eicon-chevron-right\"><\/i>\t\t\t\t\t\t<\/div>\n\t\t\t\t\t\t\t\t\t\t\t\t\t\t\t\t\t<\/div>\n\t\t\t\t<\/div>\n\t\t\t\t\t\t\t\t<\/div>\n\t\t\t\t<\/div>\n\t\t\t\t<\/div>\n\t\t<div class=\"elementor-element elementor-element-3a8af42 e-con-full elementor-hidden-desktop elementor-hidden-tablet elementor-hidden-mobile e-flex e-con e-parent\" data-id=\"3a8af42\" data-element_type=\"container\" data-settings=\"{&quot;background_background&quot;:&quot;video&quot;,&quot;background_video_link&quot;:&quot;http:\\\/\\\/www.piscinalux.com.br\\\/wp-content\\\/uploads\\\/2025\\\/03\\\/Video-Entrada-Piscina-Lux-Desktop-mp4.mp4&quot;,&quot;background_video_start&quot;:0.1000000000000000055511151231257827021181583404541015625,&quot;background_play_on_mobile&quot;:&quot;yes&quot;}\">\n\t\t<div class=\"elementor-background-video-container\">\n\t\t\t\t\t\t\t<video class=\"elementor-background-video-hosted\" autoplay muted playsinline loop><\/video>\n\t\t\t\t\t<\/div>\t\t<\/div>\n\t\t\t\t<\/div>","protected":false},"excerpt":{"rendered":"","protected":false},"author":1,"featured_media":0,"parent":0,"menu_order":0,"comment_status":"closed","ping_status":"closed","template":"","meta":{"footnotes":""},"class_list":["post-2","page","type-page","status-publish","hentry"],"yoast_head":"<!-- This site is optimized with the Yoast SEO plugin v27.4 - https:\/\/yoast.com\/product\/yoast-seo-wordpress\/ -->\n<title>Piscina Lux Exclusive Design - Piscinas Modernas e Piscinas Praia<\/title>\n<meta name=\"description\" content=\"Especialistas em projetos personalizados, exclusivos e inovadores para \u00e1reas de lazer. A Piscina Lux se destaca pelas cria\u00e7\u00f5es de Piscinas Praias, Piscinas Modernas e tamb\u00e9m de Resorts.Onde o luxo e a exclusividade\u00a0se\u00a0encontram.\" \/>\n<meta name=\"robots\" content=\"index, follow, max-snippet:-1, max-image-preview:large, max-video-preview:-1\" \/>\n<link rel=\"canonical\" href=\"https:\/\/www.piscinalux.com.br\/en\/incio\/\" \/>\n<meta property=\"og:locale\" content=\"en_US\" \/>\n<meta property=\"og:type\" content=\"article\" \/>\n<meta property=\"og:title\" content=\"Piscina Lux Exclusive Design - Piscinas Modernas e Piscinas Praia\" \/>\n<meta property=\"og:description\" content=\"Especialistas em projetos personalizados, exclusivos e inovadores para \u00e1reas de lazer. A Piscina Lux se destaca pelas cria\u00e7\u00f5es de Piscinas Praias, Piscinas Modernas e tamb\u00e9m de Resorts.Onde o luxo e a exclusividade\u00a0se\u00a0encontram.\" \/>\n<meta property=\"og:url\" content=\"https:\/\/www.piscinalux.com.br\/en\/incio\/\" \/>\n<meta property=\"og:site_name\" content=\"Piscina Lux Exclusive Design\" \/>\n<meta property=\"article:modified_time\" content=\"2025-12-24T11:23:13+00:00\" \/>\n<meta name=\"twitter:card\" content=\"summary_large_image\" \/>\n<script type=\"application\/ld+json\" class=\"yoast-schema-graph\">{\"@context\":\"https:\\\/\\\/schema.org\",\"@graph\":[{\"@type\":\"WebPage\",\"@id\":\"https:\\\/\\\/www.piscinalux.com.br\\\/incio\\\/\",\"url\":\"https:\\\/\\\/www.piscinalux.com.br\\\/incio\\\/\",\"name\":\"Piscina Lux Exclusive Design - Piscinas Modernas e Piscinas Praia\",\"isPartOf\":{\"@id\":\"https:\\\/\\\/www.piscinalux.com.br\\\/#website\"},\"datePublished\":\"2023-05-15T18:54:08+00:00\",\"dateModified\":\"2025-12-24T11:23:13+00:00\",\"description\":\"Especialistas em projetos personalizados, exclusivos e inovadores para \u00e1reas de lazer. A Piscina Lux se destaca pelas cria\u00e7\u00f5es de Piscinas Praias, Piscinas Modernas e tamb\u00e9m de Resorts.Onde o luxo e a exclusividade\u00a0se\u00a0encontram.\",\"breadcrumb\":{\"@id\":\"https:\\\/\\\/www.piscinalux.com.br\\\/incio\\\/#breadcrumb\"},\"inLanguage\":\"en-US\",\"potentialAction\":[{\"@type\":\"ReadAction\",\"target\":[\"https:\\\/\\\/www.piscinalux.com.br\\\/incio\\\/\"]}]},{\"@type\":\"BreadcrumbList\",\"@id\":\"https:\\\/\\\/www.piscinalux.com.br\\\/incio\\\/#breadcrumb\",\"itemListElement\":[{\"@type\":\"ListItem\",\"position\":1,\"name\":\"In\u00edcio\",\"item\":\"https:\\\/\\\/www.piscinalux.com.br\\\/\"},{\"@type\":\"ListItem\",\"position\":2,\"name\":\"P\u00e1gina Inicial\"}]},{\"@type\":\"WebSite\",\"@id\":\"https:\\\/\\\/www.piscinalux.com.br\\\/#website\",\"url\":\"https:\\\/\\\/www.piscinalux.com.br\\\/\",\"name\":\"Piscina Lux Exclusive Design\",\"description\":\"Resorts, Piscinas Modernas e Piscinas Praia\",\"publisher\":{\"@id\":\"https:\\\/\\\/www.piscinalux.com.br\\\/#organization\"},\"potentialAction\":[{\"@type\":\"SearchAction\",\"target\":{\"@type\":\"EntryPoint\",\"urlTemplate\":\"https:\\\/\\\/www.piscinalux.com.br\\\/?s={search_term_string}\"},\"query-input\":{\"@type\":\"PropertyValueSpecification\",\"valueRequired\":true,\"valueName\":\"search_term_string\"}}],\"inLanguage\":\"en-US\"},{\"@type\":\"Organization\",\"@id\":\"https:\\\/\\\/www.piscinalux.com.br\\\/#organization\",\"name\":\"Piscina Lux Exclusive Design\",\"url\":\"https:\\\/\\\/www.piscinalux.com.br\\\/\",\"logo\":{\"@type\":\"ImageObject\",\"inLanguage\":\"en-US\",\"@id\":\"https:\\\/\\\/www.piscinalux.com.br\\\/#\\\/schema\\\/logo\\\/image\\\/\",\"url\":\"https:\\\/\\\/www.piscinalux.com.br\\\/wp-content\\\/uploads\\\/2024\\\/06\\\/cropped-Logo-Piscina-Lux_PNG-20-1.png\",\"contentUrl\":\"https:\\\/\\\/www.piscinalux.com.br\\\/wp-content\\\/uploads\\\/2024\\\/06\\\/cropped-Logo-Piscina-Lux_PNG-20-1.png\",\"width\":3933,\"height\":1041,\"caption\":\"Piscina Lux Exclusive Design\"},\"image\":{\"@id\":\"https:\\\/\\\/www.piscinalux.com.br\\\/#\\\/schema\\\/logo\\\/image\\\/\"}}]}<\/script>\n<!-- \/ Yoast SEO plugin. -->","yoast_head_json":{"title":"Piscina Lux Exclusive Design - Piscinas Modernas e Piscinas Praia","description":"Especialistas em projetos personalizados, exclusivos e inovadores para \u00e1reas de lazer. A Piscina Lux se destaca pelas cria\u00e7\u00f5es de Piscinas Praias, Piscinas Modernas e tamb\u00e9m de Resorts.Onde o luxo e a exclusividade\u00a0se\u00a0encontram.","robots":{"index":"index","follow":"follow","max-snippet":"max-snippet:-1","max-image-preview":"max-image-preview:large","max-video-preview":"max-video-preview:-1"},"canonical":"https:\/\/www.piscinalux.com.br\/en\/incio\/","og_locale":"en_US","og_type":"article","og_title":"Piscina Lux Exclusive Design - Piscinas Modernas e Piscinas Praia","og_description":"Especialistas em projetos personalizados, exclusivos e inovadores para \u00e1reas de lazer. A Piscina Lux se destaca pelas cria\u00e7\u00f5es de Piscinas Praias, Piscinas Modernas e tamb\u00e9m de Resorts.Onde o luxo e a exclusividade\u00a0se\u00a0encontram.","og_url":"https:\/\/www.piscinalux.com.br\/en\/incio\/","og_site_name":"Piscina Lux Exclusive Design","article_modified_time":"2025-12-24T11:23:13+00:00","twitter_card":"summary_large_image","schema":{"@context":"https:\/\/schema.org","@graph":[{"@type":"WebPage","@id":"https:\/\/www.piscinalux.com.br\/incio\/","url":"https:\/\/www.piscinalux.com.br\/incio\/","name":"Piscina Lux Exclusive Design - Piscinas Modernas e Piscinas Praia","isPartOf":{"@id":"https:\/\/www.piscinalux.com.br\/#website"},"datePublished":"2023-05-15T18:54:08+00:00","dateModified":"2025-12-24T11:23:13+00:00","description":"Especialistas em projetos personalizados, exclusivos e inovadores para \u00e1reas de lazer. A Piscina Lux se destaca pelas cria\u00e7\u00f5es de Piscinas Praias, Piscinas Modernas e tamb\u00e9m de Resorts.Onde o luxo e a exclusividade\u00a0se\u00a0encontram.","breadcrumb":{"@id":"https:\/\/www.piscinalux.com.br\/incio\/#breadcrumb"},"inLanguage":"en-US","potentialAction":[{"@type":"ReadAction","target":["https:\/\/www.piscinalux.com.br\/incio\/"]}]},{"@type":"BreadcrumbList","@id":"https:\/\/www.piscinalux.com.br\/incio\/#breadcrumb","itemListElement":[{"@type":"ListItem","position":1,"name":"In\u00edcio","item":"https:\/\/www.piscinalux.com.br\/"},{"@type":"ListItem","position":2,"name":"P\u00e1gina Inicial"}]},{"@type":"WebSite","@id":"https:\/\/www.piscinalux.com.br\/#website","url":"https:\/\/www.piscinalux.com.br\/","name":"Piscina Lux Exclusive Design","description":"Resorts, Piscinas Modernas e Piscinas Praia","publisher":{"@id":"https:\/\/www.piscinalux.com.br\/#organization"},"potentialAction":[{"@type":"SearchAction","target":{"@type":"EntryPoint","urlTemplate":"https:\/\/www.piscinalux.com.br\/?s={search_term_string}"},"query-input":{"@type":"PropertyValueSpecification","valueRequired":true,"valueName":"search_term_string"}}],"inLanguage":"en-US"},{"@type":"Organization","@id":"https:\/\/www.piscinalux.com.br\/#organization","name":"Piscina Lux Exclusive Design","url":"https:\/\/www.piscinalux.com.br\/","logo":{"@type":"ImageObject","inLanguage":"en-US","@id":"https:\/\/www.piscinalux.com.br\/#\/schema\/logo\/image\/","url":"https:\/\/www.piscinalux.com.br\/wp-content\/uploads\/2024\/06\/cropped-Logo-Piscina-Lux_PNG-20-1.png","contentUrl":"https:\/\/www.piscinalux.com.br\/wp-content\/uploads\/2024\/06\/cropped-Logo-Piscina-Lux_PNG-20-1.png","width":3933,"height":1041,"caption":"Piscina Lux Exclusive Design"},"image":{"@id":"https:\/\/www.piscinalux.com.br\/#\/schema\/logo\/image\/"}}]}},"_links":{"self":[{"href":"https:\/\/www.piscinalux.com.br\/en\/wp-json\/wp\/v2\/pages\/2","targetHints":{"allow":["GET"]}}],"collection":[{"href":"https:\/\/www.piscinalux.com.br\/en\/wp-json\/wp\/v2\/pages"}],"about":[{"href":"https:\/\/www.piscinalux.com.br\/en\/wp-json\/wp\/v2\/types\/page"}],"author":[{"embeddable":true,"href":"https:\/\/www.piscinalux.com.br\/en\/wp-json\/wp\/v2\/users\/1"}],"replies":[{"embeddable":true,"href":"https:\/\/www.piscinalux.com.br\/en\/wp-json\/wp\/v2\/comments?post=2"}],"version-history":[{"count":421,"href":"https:\/\/www.piscinalux.com.br\/en\/wp-json\/wp\/v2\/pages\/2\/revisions"}],"predecessor-version":[{"id":3619,"href":"https:\/\/www.piscinalux.com.br\/en\/wp-json\/wp\/v2\/pages\/2\/revisions\/3619"}],"wp:attachment":[{"href":"https:\/\/www.piscinalux.com.br\/en\/wp-json\/wp\/v2\/media?parent=2"}],"curies":[{"name":"wp","href":"https:\/\/api.w.org\/{rel}","templated":true}]}}